{"id":478,"date":"2015-06-29T14:25:57","date_gmt":"2015-06-29T13:25:57","guid":{"rendered":"http:\/\/www.chateaudetharoul.be\/activites\/?lang=nl"},"modified":"2015-11-03T18:06:19","modified_gmt":"2015-11-03T17:06:19","slug":"activites","status":"publish","type":"page","link":"https:\/\/www.chateaudetharoul.be\/nl\/activites\/","title":{"rendered":"Activiteiten"},"content":{"rendered":"<p>Ontdek de talrijke activiteiten, zowel ter plaatse als in de nabije omgeving. Hier vindt u een beperkt overzicht van de mogelijkheden. Neem zeker met ons contact op voor verdere informatie!<\/p>\n<p>&nbsp;<\/p>\n<div class=\"su-tabs su-tabs-style-default su-tabs-mobile-stack\" data-active=\"1\" data-scroll-offset=\"0\" data-anchor-in-url=\"no\"><div class=\"su-tabs-nav\"><span class=\"\" data-url=\"\" data-target=\"blank\" tabindex=\"0\" role=\"button\">Ter plaats<\/span><span class=\"\" data-url=\"\" data-target=\"blank\" tabindex=\"0\" role=\"button\">Activiteiten rond cultuur en ontspanning<\/span><span class=\"\" data-url=\"\" data-target=\"blank\" tabindex=\"0\" role=\"button\">Sportactiviteiten<\/span><\/div><div class=\"su-tabs-panes\"><div class=\"su-tabs-pane su-u-clearfix su-u-trim\" data-title=\"Ter plaats\">\n<table style=\"border-color: #ffffff;\" border=\"0\">\n<tbody>\n<tr>\n<td><em>Binnen<\/em><\/p>\n<ul>\n<li>Fitnessruimte<\/li>\n<li>Sauna<\/li>\n<li>Professionele snooker<\/li>\n<li>Pingpong<\/li>\n<li>Tafelvoetbal<\/li>\n<li>Gezelschapsspelen<\/li>\n<\/ul>\n<\/td>\n<td><em>Buiten<\/em><\/p>\n<ul>\n<li>Kajak \u2013 roeibootje op vijver van 1 hectare<\/li>\n<li>Wandelen \u2013 talrijke bewegwijzerde paden<\/li>\n<li>Speelplein<\/li>\n<\/ul>\n<\/td>\n<\/tr>\n<\/tbody>\n<\/table>\n<\/div>\n<div class=\"su-tabs-pane su-u-clearfix su-u-trim\" data-title=\"Activiteiten rond cultuur en ontspanning\">\n<ul>\n<li><a href=\"http:\/\/www.lhirondelle.be\/index.php?lang=FR\" target=\"_blank\">Domaine de l\u2019Hirondelle<\/a><br \/>\nHier vindt u \u00e9\u00e9n van de grootste speelpleinen van het land, twee zwembaden waarvan \u00e9\u00e9n overdekt en verwarmd en 4 waterglijbanen van meer dan 35 meter.<\/li>\n<li><a href=\"http:\/\/www.modave-castle.be\" target=\"_blank\">Het kasteel van\u00a0Modave<\/a><\/li>\n<li><a href=\"http:\/\/www.avouerie.be\" target=\"_blank\">Avouerie d\u2019Anthisnes<br \/>\n<\/a>Een authentieke getuige uit de 12de eeuw. Biermuseum en\u2019 Peket\u2019-museum.<\/li>\n<li><a href=\"http:\/\/www.chateaujehay.be\" target=\"_blank\">Kasteel van\u00a0Jehay<\/a><\/li>\n<li><a href=\"http:\/\/www.grotte-de-han.be\" target=\"_blank\">Domein van de grotten van\u00a0Han<\/a><\/li>\n<\/ul>\n<\/div>\n<div class=\"su-tabs-pane su-u-clearfix su-u-trim\" data-title=\"Sportactiviteiten\">\n<ul>\n<li>Fietsen en Montainbike\n<ul>\n<li><a href=\"http:\/\/www.bcycl.be\/\" target=\"_blank\">Huur van fietsen voor groepen; levering ter plaatse<\/a>\u00a0(Ravel fietspad op 5 km)<\/li>\n<\/ul>\n<\/li>\n<li>Golf\n<ul>\n<li><a href=\"http:\/\/naxhelet.be\/\" target=\"_blank\">Wanze &#8211; Naxhelet<\/a><\/li>\n<li><a href=\"http:\/\/www.rgcst.be\/\" target=\"_blank\">Sart tilman<\/a><\/li>\n<li><a href=\"http:\/\/www.golfclubandenne.be\/\" target=\"_blank\">Andenne<\/a><\/li>\n<li><a href=\"http:\/\/www.bluegreen.com\/fr\/les-golfs\/belgique\/namur\/five-nations-golf-club\" target=\"_blank\">Five Nations Golf Club \u00e0 M\u00e9an<\/a><\/li>\n<li><a href=\"http:\/\/durbuy.bluegreen.com\/en\" target=\"_blank\">Durbuy<\/a><\/li>\n<\/ul>\n<\/li>\n<li>Kayak &#8211; Afdaling\u00a0van de Ourthe\n<ul>\n<li><a href=\"http:\/\/www.kayakremous.com\/index_en.html\" target=\"_blank\">Les Remous<\/a><\/li>\n<li><a href=\"http:\/\/www.durbuyadventure.be\/fr\/index.php\" target=\"_blank\">Durbuy Adventure<\/a><\/li>\n<\/ul>\n<\/li>\n<\/ul>\n<\/div><\/div><\/div>\n","protected":false},"excerpt":{"rendered":"<p>Ontdek de talrijke activiteiten, zowel ter plaatse als in de nabije omgeving. Hier vindt u een beperkt overzicht van de mogelijkheden. Neem zeker met ons contact op voor verdere informatie! &nbsp;<\/p>\n","protected":false},"author":1,"featured_media":0,"parent":0,"menu_order":0,"comment_status":"open","ping_status":"open","template":"","meta":{"_mi_skip_tracking":false},"acf":[],"_links":{"self":[{"href":"https:\/\/www.chateaudetharoul.be\/nl\/wp-json\/wp\/v2\/pages\/478"}],"collection":[{"href":"https:\/\/www.chateaudetharoul.be\/nl\/wp-json\/wp\/v2\/pages"}],"about":[{"href":"https:\/\/www.chateaudetharoul.be\/nl\/wp-json\/wp\/v2\/types\/page"}],"author":[{"embeddable":true,"href":"https:\/\/www.chateaudetharoul.be\/nl\/wp-json\/wp\/v2\/users\/1"}],"replies":[{"embeddable":true,"href":"https:\/\/www.chateaudetharoul.be\/nl\/wp-json\/wp\/v2\/comments?post=478"}],"version-history":[{"count":2,"href":"https:\/\/www.chateaudetharoul.be\/nl\/wp-json\/wp\/v2\/pages\/478\/revisions"}],"predecessor-version":[{"id":480,"href":"https:\/\/www.chateaudetharoul.be\/nl\/wp-json\/wp\/v2\/pages\/478\/revisions\/480"}],"wp:attachment":[{"href":"https:\/\/www.chateaudetharoul.be\/nl\/wp-json\/wp\/v2\/media?parent=478"}],"curies":[{"name":"wp","href":"https:\/\/api.w.org\/{rel}","templated":true}]}}